{"id":30,"date":"2019-12-26T17:47:50","date_gmt":"2019-12-26T16:47:50","guid":{"rendered":"http:\/\/www.haimb.de\/falkenstein\/haiti-hilfe\/?page_id=30"},"modified":"2020-10-24T18:15:52","modified_gmt":"2020-10-24T16:15:52","slug":"unsere-arbeit","status":"publish","type":"page","link":"https:\/\/www.haimb.de\/falkenstein\/haiti-hilfe\/index.php\/unsere-arbeit\/","title":{"rendered":"Unsere Arbeit"},"content":{"rendered":"<p>[vc_row full_width=&#8220;stretch_row_content&#8220;][vc_column][vc_empty_space][\/vc_column][\/vc_row][vc_row full_width=&#8220;stretch_row_content&#8220; equal_height=&#8220;yes&#8220;][vc_column width=&#8220;1\/3&#8243;][vc_column_text]<\/p>\n<figure class=\"wp-block-image size-large\"><figure id=\"attachment_64\" aria-describedby=\"caption-attachment-64\" style=\"width: 250px\" class=\"wp-caption aligncenter\"><a href=\"blob:http:\/\/www.haimb.de\/f8c1fcd5-3a26-4008-b71e-cb174b914cc9\"><img loading=\"lazy\" class=\"wp-image-64\" src=\"http:\/\/www.haimb.de\/falkenstein\/haiti-hilfe\/wp-content\/uploads\/2019\/12\/schulklasse.jpg\" alt=\"\" width=\"250\" height=\"188\" \/><\/a><figcaption id=\"caption-attachment-64\" class=\"wp-caption-text\">Schulklasse in der \u00c9cole Grand-Plaine<\/figcaption><\/figure>\n<\/figure>\n<p>[\/vc_column_text][\/vc_column][vc_column width=&#8220;1\/3&#8243;][vc_column_text]<\/p>\n<figure class=\"wp-block-image size-large\"><figure id=\"attachment_65\" aria-describedby=\"caption-attachment-65\" style=\"width: 250px\" class=\"wp-caption aligncenter\"><img loading=\"lazy\" class=\"wp-image-65\" src=\"http:\/\/www.haimb.de\/falkenstein\/haiti-hilfe\/wp-content\/uploads\/2019\/12\/selbsthilfe.jpg\" alt=\"\" width=\"250\" height=\"187\" \/><figcaption id=\"caption-attachment-65\" class=\"wp-caption-text\">Hilfe zur Selbsthilfe, \u00c9cole Terre Rouge<\/figcaption><\/figure>\n<\/figure>\n<!-- \/wp:image -->\n<p>&nbsp;<\/p>\n<p>[\/vc_column_text][\/vc_column][vc_column width=&#8220;1\/3&#8243;][vc_column_text]<figure id=\"attachment_63\" aria-describedby=\"caption-attachment-63\" style=\"width: 250px\" class=\"wp-caption aligncenter\"><img loading=\"lazy\" class=\"wp-image-63\" src=\"http:\/\/www.haimb.de\/falkenstein\/haiti-hilfe\/wp-content\/uploads\/2019\/12\/computer.jpg\" alt=\"\" width=\"250\" height=\"188\" \/><figcaption id=\"caption-attachment-63\" class=\"wp-caption-text\">Computer-Unterricht<\/figcaption><\/figure>[\/vc_column_text][\/vc_column][\/vc_row][vc_row full_width=&#8220;stretch_row_content&#8220;][vc_column width=&#8220;1\/2&#8243;][vc_column_text]<!-- wp:image {\"id\":64,\"sizeSlug\":\"large\",\"linkDestination\":\"media\"} --><!-- \/wp:paragraph --><\/p>\n<!-- wp:heading {\"level\":1} -->\n<h1>Was haben wir schon getan?<\/h1>\n<!-- \/wp:heading -->\n<p><!-- wp:paragraph -->Seit 1979 engagiert sich die\u00a0<em>Haiti-Hilfe Falkenstein<\/em>\u00a0vor Ort, zun\u00e4chst in der \u201eArmenhilfe\u201c von Pater Ferdinand Philippi im \u00e4rmsten Teil Haitis in der Umgebung von Gros Morne. Mit ihm haben wir gegen die Mangelern\u00e4hrung gek\u00e4mpft, u.\u00a0a. durch den Bau und den Betrieb von Gark\u00fcchen. Die Krankenversorgung wurde verbessert, das Hygienebewusstsein, die Vor- und Nachsorge oft zu junger M\u00fctter, Patenschaften wurden organisiert.<\/p>\n<!-- \/wp:paragraph -->\n<p><!-- wp:paragraph -->1996 dann, nach dem Weggang von Pater Philippi, eine Neuorientierung: Hilfe zur Selbsthilfe. Die Haushaltungsschule Foyer Alice Garoute im Umland von Port-au-Prince wird unterst\u00fctzt. 40 Sch\u00fclerinnen, zum Teil in einem Internat wohnend, werden in Hauswirtschaft ausgebildet und als Multiplikatoren auf dem Land eingesetzt. Hilfe zur Selbsthilfe wird weitergetragen in den Bereichen Ern\u00e4hrung, Erster Hilfe, Geburtshilfe und Krankenpflege.<\/p>\n<!-- wp:heading {\"level\":1} --><!-- \/wp:paragraph -->\n<!-- wp:heading {\"level\":1} -->\n<p>&nbsp;<\/p>\n<p>[\/vc_column_text][\/vc_column][vc_column width=&#8220;1\/2&#8243;][vc_column_text]<\/p>\n<h1>Was wollen wir noch tun?<\/h1>\n<!-- \/wp:heading -->\n<p><!-- wp:paragraph -->Hilfe zur Selbsthilfe ist jetzt erst recht unser Versuch, Menschen nachhaltig zu helfen ihre F\u00e4higkeiten zu erkennen. So wie in der Ansiedlung Grand-Plaine im Bergland Haitis. In einer Art Selbsthilfegrupppe haben sich hier in einer Genossenschaft 800 Mitglieder zusammengeschlossen und nehmen ihre Zukunft selbst in die Hand. Jeder bringt sich ein mit dem was er kann, Stra\u00dfen werden gebaut, Schulen, Obstg\u00e4rten und Plantagen. Niemand bekommt Geld daf\u00fcr.<\/p>\n<!-- \/wp:paragraph -->\n<p><!-- wp:paragraph -->Seit 1992 besteht diese\u00a0<em>Association des Originaires de Grand-Plaine<\/em>\u00a0und es hat sich viel getan. So ist die Analphabetenrate von 85% auf 20% gesunken. Das sagt fast alles. Manche Kinder gingen nur zur Schule, weil sie dort etwas zu essen bekamen. Diese Schulspeisung haben wir mitfinanziert.<\/p>\n<!-- \/wp:paragraph -->\n<p><!-- wp:paragraph -->Mit diesen Menschen in Grand-Plaine will die\u00a0<em>Haiti-Hilfe Falkenstein<\/em>\u00a0nun ein neues B\u00fcndnis schlie\u00dfen. Wir beteiligen uns an der Anschubfinanzierung von zwei Projekten, die einmal Gewinn abwerfen sollen aber jetzt schon Menschen Arbeit und Hoffnung geben: Einer H\u00fchnerzuchtfarm zur Fleisch- und Eiweissversorgung und einer Gem\u00fcseplantage. F\u00fcr das eine braucht man aber zuerst einmal K\u00fcken und f\u00fcr das andere Saatgut und D\u00fcnger.<\/p>\n<p>[\/vc_column_text][\/vc_column][\/vc_row][vc_row full_width=&#8220;stretch_row_content&#8220;][vc_column][vc_column_text]<\/p>\n<h1 style=\"text-align: center;\">Die folgenden Bilder vermitteln einen Eindruck des Gem\u00fcseanbaus und der Durchf\u00fchrung des Aufforstungsprogramms.<\/h1>\n<p style=\"text-align: center;\"><!-- \/wp:heading --><\/p>\n<p><!-- wp:paragraph -->Es werden insgesamt 7 verschiedene Gem\u00fcsearten angepflanzt, von denen Wei\u00dfkohl, M\u00f6hren, Tomaten uns bekannt sind. Au\u00dferdem gibt es verschiedene Bohnensorten, wie z.\u00a0B. pois congo. Hier werden verschiedene Rabatten gezeigt, die die Vielfalt der Gem\u00fcseproduktion zeigen. Um den Sch\u00e4dlingsbefall so niedrig wie m\u00f6glich zu halten, pflanzt man immer abwechseln an. Monokulturen sind sehr anf\u00e4llig f\u00fcr Sch\u00e4dlinge.<\/p>\n<p style=\"text-align: center;\"><!-- \/wp:paragraph --><\/p>\n<!-- wp:image {\"id\":67,\"sizeSlug\":\"large\"} -->\n<figure class=\"wp-block-image size-large\"><img loading=\"lazy\" width=\"800\" height=\"600\" class=\"wp-image-67 aligncenter\" src=\"http:\/\/www.haimb.de\/falkenstein\/haiti-hilfe\/wp-content\/uploads\/2019\/12\/SAM_0175.jpg\" alt=\"\" srcset=\"https:\/\/www.haimb.de\/falkenstein\/haiti-hilfe\/wp-content\/uploads\/2019\/12\/SAM_0175.jpg 800w, https:\/\/www.haimb.de\/falkenstein\/haiti-hilfe\/wp-content\/uploads\/2019\/12\/SAM_0175-300x225.jpg 300w, https:\/\/www.haimb.de\/falkenstein\/haiti-hilfe\/wp-content\/uploads\/2019\/12\/SAM_0175-768x576.jpg 768w\" sizes=\"(max-width: 706px) 89vw, (max-width: 767px) 82vw, 740px\" \/><\/figure>\n<p style=\"text-align: center;\"><!-- \/wp:image --><\/p>\n<!-- wp:image {\"id\":66,\"sizeSlug\":\"large\"} -->\n<figure class=\"wp-block-image size-large\"><img loading=\"lazy\" width=\"800\" height=\"600\" class=\"wp-image-66 aligncenter\" src=\"http:\/\/www.haimb.de\/falkenstein\/haiti-hilfe\/wp-content\/uploads\/2019\/12\/SAM_0174.jpg\" alt=\"\" srcset=\"https:\/\/www.haimb.de\/falkenstein\/haiti-hilfe\/wp-content\/uploads\/2019\/12\/SAM_0174.jpg 800w, https:\/\/www.haimb.de\/falkenstein\/haiti-hilfe\/wp-content\/uploads\/2019\/12\/SAM_0174-300x225.jpg 300w, https:\/\/www.haimb.de\/falkenstein\/haiti-hilfe\/wp-content\/uploads\/2019\/12\/SAM_0174-768x576.jpg 768w\" sizes=\"(max-width: 706px) 89vw, (max-width: 767px) 82vw, 740px\" \/><\/figure>\n<p style=\"text-align: center;\"><!-- \/wp:image --><\/p>\n<p><!-- wp:paragraph -->Hier erkl\u00e4rt der Agronom, warum in dieser Reihenfolge und wie man anpflanzt. Die anderen Bilden zeigen die Vorbereitung der Beete f\u00fcr die Pflanzenkulturen.<\/p>\n<p style=\"text-align: center;\"><!-- \/wp:paragraph --><\/p>\n<!-- wp:image {\"id\":68,\"sizeSlug\":\"large\"} -->\n<figure class=\"wp-block-image size-large\"><img loading=\"lazy\" width=\"800\" height=\"600\" class=\"wp-image-68 aligncenter\" src=\"http:\/\/www.haimb.de\/falkenstein\/haiti-hilfe\/wp-content\/uploads\/2019\/12\/SAM_0176.jpg\" alt=\"\" srcset=\"https:\/\/www.haimb.de\/falkenstein\/haiti-hilfe\/wp-content\/uploads\/2019\/12\/SAM_0176.jpg 800w, https:\/\/www.haimb.de\/falkenstein\/haiti-hilfe\/wp-content\/uploads\/2019\/12\/SAM_0176-300x225.jpg 300w, https:\/\/www.haimb.de\/falkenstein\/haiti-hilfe\/wp-content\/uploads\/2019\/12\/SAM_0176-768x576.jpg 768w\" sizes=\"(max-width: 706px) 89vw, (max-width: 767px) 82vw, 740px\" \/><\/figure>\n<p style=\"text-align: center;\"><!-- \/wp:image --><\/p>\n<!-- wp:image {\"id\":68,\"sizeSlug\":\"large\"} -->\n<figure class=\"wp-block-image size-large\"><img loading=\"lazy\" width=\"800\" height=\"600\" class=\"wp-image-68 aligncenter\" src=\"http:\/\/www.haimb.de\/falkenstein\/haiti-hilfe\/wp-content\/uploads\/2019\/12\/SAM_0176.jpg\" alt=\"\" srcset=\"https:\/\/www.haimb.de\/falkenstein\/haiti-hilfe\/wp-content\/uploads\/2019\/12\/SAM_0176.jpg 800w, https:\/\/www.haimb.de\/falkenstein\/haiti-hilfe\/wp-content\/uploads\/2019\/12\/SAM_0176-300x225.jpg 300w, https:\/\/www.haimb.de\/falkenstein\/haiti-hilfe\/wp-content\/uploads\/2019\/12\/SAM_0176-768x576.jpg 768w\" sizes=\"(max-width: 706px) 89vw, (max-width: 767px) 82vw, 740px\" \/><\/figure>\n<p style=\"text-align: center;\"><!-- \/wp:image --><\/p>\n<!-- wp:image {\"id\":69,\"sizeSlug\":\"large\"} -->\n<figure class=\"wp-block-image size-large\"><img loading=\"lazy\" width=\"800\" height=\"600\" class=\"wp-image-69 aligncenter\" src=\"http:\/\/www.haimb.de\/falkenstein\/haiti-hilfe\/wp-content\/uploads\/2019\/12\/SAM_0180.jpg\" alt=\"\" srcset=\"https:\/\/www.haimb.de\/falkenstein\/haiti-hilfe\/wp-content\/uploads\/2019\/12\/SAM_0180.jpg 800w, https:\/\/www.haimb.de\/falkenstein\/haiti-hilfe\/wp-content\/uploads\/2019\/12\/SAM_0180-300x225.jpg 300w, https:\/\/www.haimb.de\/falkenstein\/haiti-hilfe\/wp-content\/uploads\/2019\/12\/SAM_0180-768x576.jpg 768w\" sizes=\"(max-width: 706px) 89vw, (max-width: 767px) 82vw, 740px\" \/><\/figure>\n<p style=\"text-align: center;\"><!-- \/wp:image --><\/p>\n<!-- wp:image {\"id\":70,\"sizeSlug\":\"large\"} -->\n<figure class=\"wp-block-image size-large\"><img loading=\"lazy\" width=\"800\" height=\"600\" class=\"wp-image-70 aligncenter\" src=\"http:\/\/www.haimb.de\/falkenstein\/haiti-hilfe\/wp-content\/uploads\/2019\/12\/SAM_0196.jpg\" alt=\"\" srcset=\"https:\/\/www.haimb.de\/falkenstein\/haiti-hilfe\/wp-content\/uploads\/2019\/12\/SAM_0196.jpg 800w, https:\/\/www.haimb.de\/falkenstein\/haiti-hilfe\/wp-content\/uploads\/2019\/12\/SAM_0196-300x225.jpg 300w, https:\/\/www.haimb.de\/falkenstein\/haiti-hilfe\/wp-content\/uploads\/2019\/12\/SAM_0196-768x576.jpg 768w\" sizes=\"(max-width: 706px) 89vw, (max-width: 767px) 82vw, 740px\" \/><\/figure>\n<p style=\"text-align: center;\"><!-- \/wp:image --><\/p>\n<!-- wp:image {\"id\":71,\"sizeSlug\":\"large\"} -->\n<figure class=\"wp-block-image size-large\"><img loading=\"lazy\" width=\"800\" height=\"600\" class=\"wp-image-71 aligncenter\" src=\"http:\/\/www.haimb.de\/falkenstein\/haiti-hilfe\/wp-content\/uploads\/2019\/12\/SAM_0200.jpg\" alt=\"\" srcset=\"https:\/\/www.haimb.de\/falkenstein\/haiti-hilfe\/wp-content\/uploads\/2019\/12\/SAM_0200.jpg 800w, https:\/\/www.haimb.de\/falkenstein\/haiti-hilfe\/wp-content\/uploads\/2019\/12\/SAM_0200-300x225.jpg 300w, https:\/\/www.haimb.de\/falkenstein\/haiti-hilfe\/wp-content\/uploads\/2019\/12\/SAM_0200-768x576.jpg 768w\" sizes=\"(max-width: 706px) 89vw, (max-width: 767px) 82vw, 740px\" \/><\/figure>\n<p style=\"text-align: center;\"><!-- \/wp:image --><\/p>\n<!-- wp:image {\"id\":75,\"sizeSlug\":\"large\"} -->\n<figure class=\"wp-block-image size-large\"><img loading=\"lazy\" width=\"800\" height=\"600\" class=\"wp-image-75 aligncenter\" src=\"http:\/\/www.haimb.de\/falkenstein\/haiti-hilfe\/wp-content\/uploads\/2019\/12\/SAM_0280.jpg\" alt=\"\" srcset=\"https:\/\/www.haimb.de\/falkenstein\/haiti-hilfe\/wp-content\/uploads\/2019\/12\/SAM_0280.jpg 800w, https:\/\/www.haimb.de\/falkenstein\/haiti-hilfe\/wp-content\/uploads\/2019\/12\/SAM_0280-300x225.jpg 300w, https:\/\/www.haimb.de\/falkenstein\/haiti-hilfe\/wp-content\/uploads\/2019\/12\/SAM_0280-768x576.jpg 768w\" sizes=\"(max-width: 706px) 89vw, (max-width: 767px) 82vw, 740px\" \/><\/figure>\n<p style=\"text-align: center;\"><!-- \/wp:image --><\/p>\n<!-- wp:image {\"id\":74,\"sizeSlug\":\"large\"} -->\n<figure class=\"wp-block-image size-large\"><img loading=\"lazy\" width=\"800\" height=\"600\" class=\"wp-image-74 aligncenter\" src=\"http:\/\/www.haimb.de\/falkenstein\/haiti-hilfe\/wp-content\/uploads\/2019\/12\/SAM_0278.jpg\" alt=\"\" srcset=\"https:\/\/www.haimb.de\/falkenstein\/haiti-hilfe\/wp-content\/uploads\/2019\/12\/SAM_0278.jpg 800w, https:\/\/www.haimb.de\/falkenstein\/haiti-hilfe\/wp-content\/uploads\/2019\/12\/SAM_0278-300x225.jpg 300w, https:\/\/www.haimb.de\/falkenstein\/haiti-hilfe\/wp-content\/uploads\/2019\/12\/SAM_0278-768x576.jpg 768w\" sizes=\"(max-width: 706px) 89vw, (max-width: 767px) 82vw, 740px\" \/><\/figure>\n<p style=\"text-align: center;\"><!-- \/wp:image --><\/p>\n<!-- wp:image {\"id\":72,\"sizeSlug\":\"large\"} -->\n<figure class=\"wp-block-image size-large\"><img loading=\"lazy\" width=\"800\" height=\"600\" class=\"wp-image-72 aligncenter\" src=\"http:\/\/www.haimb.de\/falkenstein\/haiti-hilfe\/wp-content\/uploads\/2019\/12\/SAM_0264.jpg\" alt=\"\" srcset=\"https:\/\/www.haimb.de\/falkenstein\/haiti-hilfe\/wp-content\/uploads\/2019\/12\/SAM_0264.jpg 800w, https:\/\/www.haimb.de\/falkenstein\/haiti-hilfe\/wp-content\/uploads\/2019\/12\/SAM_0264-300x225.jpg 300w, https:\/\/www.haimb.de\/falkenstein\/haiti-hilfe\/wp-content\/uploads\/2019\/12\/SAM_0264-768x576.jpg 768w\" sizes=\"(max-width: 706px) 89vw, (max-width: 767px) 82vw, 740px\" \/><\/figure>\n<p style=\"text-align: center;\"><!-- \/wp:image --><\/p>\n<p><!-- wp:paragraph -->Die n\u00e4chsten zwei Bilder betreffen die Aufforstung und zeigen die \u00dcbergabe der von den Kindern aus der Vor- und Grundschule der \u00c9cole Verte aus Samen gezogenen Setzlinge an die Bauern, die sie dann auspflanzen.<\/p>\n<p style=\"text-align: center;\"><!-- \/wp:paragraph --><\/p>\n<!-- wp:image {\"id\":76,\"sizeSlug\":\"large\"} -->\n<figure class=\"wp-block-image size-large\"><img loading=\"lazy\" width=\"800\" height=\"600\" class=\"wp-image-76 aligncenter\" src=\"http:\/\/www.haimb.de\/falkenstein\/haiti-hilfe\/wp-content\/uploads\/2019\/12\/SAM_1934.jpg\" alt=\"\" srcset=\"https:\/\/www.haimb.de\/falkenstein\/haiti-hilfe\/wp-content\/uploads\/2019\/12\/SAM_1934.jpg 800w, https:\/\/www.haimb.de\/falkenstein\/haiti-hilfe\/wp-content\/uploads\/2019\/12\/SAM_1934-300x225.jpg 300w, https:\/\/www.haimb.de\/falkenstein\/haiti-hilfe\/wp-content\/uploads\/2019\/12\/SAM_1934-768x576.jpg 768w\" sizes=\"(max-width: 706px) 89vw, (max-width: 767px) 82vw, 740px\" \/><\/figure>\n<p style=\"text-align: center;\"><!-- \/wp:image --><\/p>\n<!-- wp:image {\"id\":77,\"sizeSlug\":\"large\"} -->\n<figure class=\"wp-block-image size-large\"><img loading=\"lazy\" width=\"800\" height=\"600\" class=\"wp-image-77 aligncenter\" src=\"http:\/\/www.haimb.de\/falkenstein\/haiti-hilfe\/wp-content\/uploads\/2019\/12\/SAM_1939.jpg\" alt=\"\" srcset=\"https:\/\/www.haimb.de\/falkenstein\/haiti-hilfe\/wp-content\/uploads\/2019\/12\/SAM_1939.jpg 800w, https:\/\/www.haimb.de\/falkenstein\/haiti-hilfe\/wp-content\/uploads\/2019\/12\/SAM_1939-300x225.jpg 300w, https:\/\/www.haimb.de\/falkenstein\/haiti-hilfe\/wp-content\/uploads\/2019\/12\/SAM_1939-768x576.jpg 768w\" sizes=\"(max-width: 706px) 89vw, (max-width: 767px) 82vw, 740px\" \/><\/figure>\n<p style=\"text-align: center;\"><!-- \/wp:image --><\/p>\n<p><!-- wp:paragraph -->Die folgenden beiden Fotos zeigen die Baumschule. Vor allem auf dem letzten Bild sind die kleinen Plastiks\u00e4ckchen gut zu erkennen, in die die Samen gelegt worden waren. Sie werden wiederverwendet: M\u00fcllvermeidung ist oberstes Gebot bei der AOG.<\/p>\n<p style=\"text-align: center;\"><!-- \/wp:paragraph --><\/p>\n<!-- wp:image {\"id\":78,\"sizeSlug\":\"large\"} -->\n<figure class=\"wp-block-image size-large\"><img loading=\"lazy\" width=\"800\" height=\"600\" class=\"wp-image-78 aligncenter\" src=\"http:\/\/www.haimb.de\/falkenstein\/haiti-hilfe\/wp-content\/uploads\/2019\/12\/SAM_1948.jpg\" alt=\"\" srcset=\"https:\/\/www.haimb.de\/falkenstein\/haiti-hilfe\/wp-content\/uploads\/2019\/12\/SAM_1948.jpg 800w, https:\/\/www.haimb.de\/falkenstein\/haiti-hilfe\/wp-content\/uploads\/2019\/12\/SAM_1948-300x225.jpg 300w, https:\/\/www.haimb.de\/falkenstein\/haiti-hilfe\/wp-content\/uploads\/2019\/12\/SAM_1948-768x576.jpg 768w\" sizes=\"(max-width: 706px) 89vw, (max-width: 767px) 82vw, 740px\" \/><\/figure>\n<p style=\"text-align: center;\"><!-- \/wp:image --><\/p>\n<!-- wp:image {\"id\":79,\"sizeSlug\":\"large\"} -->\n<figure class=\"wp-block-image size-large\"><img loading=\"lazy\" width=\"800\" height=\"600\" class=\"wp-image-79 aligncenter\" src=\"http:\/\/www.haimb.de\/falkenstein\/haiti-hilfe\/wp-content\/uploads\/2019\/12\/SAM_1952.jpg\" alt=\"\" srcset=\"https:\/\/www.haimb.de\/falkenstein\/haiti-hilfe\/wp-content\/uploads\/2019\/12\/SAM_1952.jpg 800w, https:\/\/www.haimb.de\/falkenstein\/haiti-hilfe\/wp-content\/uploads\/2019\/12\/SAM_1952-300x225.jpg 300w, https:\/\/www.haimb.de\/falkenstein\/haiti-hilfe\/wp-content\/uploads\/2019\/12\/SAM_1952-768x576.jpg 768w\" sizes=\"(max-width: 706px) 89vw, (max-width: 767px) 82vw, 740px\" \/><\/figure>\n<p style=\"text-align: center;\"><!-- \/wp:image --><\/p>\n<p>[\/vc_column_text][\/vc_column][\/vc_row]<\/p>\n","protected":false},"excerpt":{"rendered":"<p>[vc_row full_width=&#8220;stretch_row_content&#8220;][vc_column][vc_empty_space][\/vc_column][\/vc_row][vc_row full_width=&#8220;stretch_row_content&#8220; equal_height=&#8220;yes&#8220;][vc_column width=&#8220;1\/3&#8243;][vc_column_text] [\/vc_column_text][\/vc_column][vc_column width=&#8220;1\/3&#8243;][vc_column_text] &nbsp; [\/vc_column_text][\/vc_column][vc_column width=&#8220;1\/3&#8243;][vc_column_text][\/vc_column_text][\/vc_column][\/vc_row][vc_row full_width=&#8220;stretch_row_content&#8220;][vc_column width=&#8220;1\/2&#8243;][vc_column_text] Was haben wir schon getan? Seit 1979 engagiert sich die\u00a0Haiti-Hilfe Falkenstein\u00a0vor Ort, zun\u00e4chst in der \u201eArmenhilfe\u201c von Pater Ferdinand Philippi im \u00e4rmsten Teil Haitis in der Umgebung von Gros Morne. Mit ihm haben wir gegen die Mangelern\u00e4hrung gek\u00e4mpft, u.\u00a0a. durch den Bau und &hellip; <\/p>\n<p class=\"link-more\"><a href=\"https:\/\/www.haimb.de\/falkenstein\/haiti-hilfe\/index.php\/unsere-arbeit\/\" class=\"more-link\"><span class=\"screen-reader-text\">\u201eUnsere Arbeit\u201c<\/span> weiterlesen<\/a><\/p>\n","protected":false},"author":1,"featured_media":0,"parent":0,"menu_order":0,"comment_status":"closed","ping_status":"closed","template":"","meta":[],"_links":{"self":[{"href":"https:\/\/www.haimb.de\/falkenstein\/haiti-hilfe\/index.php\/wp-json\/wp\/v2\/pages\/30"}],"collection":[{"href":"https:\/\/www.haimb.de\/falkenstein\/haiti-hilfe\/index.php\/wp-json\/wp\/v2\/pages"}],"about":[{"href":"https:\/\/www.haimb.de\/falkenstein\/haiti-hilfe\/index.php\/wp-json\/wp\/v2\/types\/page"}],"author":[{"embeddable":true,"href":"https:\/\/www.haimb.de\/falkenstein\/haiti-hilfe\/index.php\/wp-json\/wp\/v2\/users\/1"}],"replies":[{"embeddable":true,"href":"https:\/\/www.haimb.de\/falkenstein\/haiti-hilfe\/index.php\/wp-json\/wp\/v2\/comments?post=30"}],"version-history":[{"count":26,"href":"https:\/\/www.haimb.de\/falkenstein\/haiti-hilfe\/index.php\/wp-json\/wp\/v2\/pages\/30\/revisions"}],"predecessor-version":[{"id":277,"href":"https:\/\/www.haimb.de\/falkenstein\/haiti-hilfe\/index.php\/wp-json\/wp\/v2\/pages\/30\/revisions\/277"}],"wp:attachment":[{"href":"https:\/\/www.haimb.de\/falkenstein\/haiti-hilfe\/index.php\/wp-json\/wp\/v2\/media?parent=30"}],"curies":[{"name":"wp","href":"https:\/\/api.w.org\/{rel}","templated":true}]}}