{"id":3,"date":"2019-12-26T16:53:49","date_gmt":"2019-12-26T15:53:49","guid":{"rendered":"http:\/\/www.haimb.de\/falkenstein\/haiti-hilfe\/?page_id=3"},"modified":"2023-09-27T09:39:00","modified_gmt":"2023-09-27T07:39:00","slug":"datenschutzerklaerung","status":"publish","type":"page","link":"https:\/\/www.haimb.de\/falkenstein\/haiti-hilfe\/index.php\/datenschutzerklaerung\/","title":{"rendered":"Impressum \/ Datenschutzerkl\u00e4rung"},"content":{"rendered":"\n<p><\/p>\n\n\n\n<h1>Impressum<\/h1>\n\n\n\n<h2>Haiti-Hilfe Falkenstein e. V.<\/h2>\n\n\n\n<p>Auf der Zinnen 12&nbsp;<br>79098 Freiburg<\/p>\n\n\n\n<p><strong>Vereinsregisternummer des Amtsgerichts Freiburg i. Br.:<\/strong>&nbsp;VR 1773<\/p>\n\n\n\n<p><strong>Vorsitzender<\/strong><br>Michael Baumann<br>Hauptstra\u00dfe 26 <\/p>\n\n\n\n<p>55621 Hundsbach<\/p>\n\n\n\n<p>Tel.: 0173\/2580189<br>E-Mail: HaitiHilfeFalkenstein@gmail.com<\/p>\n\n\n\n<p><strong>Stellv. Vorsitzender<\/strong><br>Jannik J\u00fcrgens &amp; Manuel Schluck<\/p>\n\n\n\n<p><\/p>\n\n\n\n<p><strong>Schatzmeister<\/strong><br>Emanuel Jaworek<\/p>\n\n\n\n<p><\/p>\n\n\n\n<h2>Wer wir sind<\/h2>\n\n\n\n<p>Die Adresse unserer Website ist: http:\/\/www.haimb.de\/falkenstein\/haiti-hilfe.<\/p>\n\n\n\n<h2>Welche personenbezogenen Daten wir sammeln und warum wir sie sammeln<\/h2>\n\n\n\n<h3>Eingebettete Inhalte von anderen Websites<\/h3>\n\n\n\n<p>Beitr\u00e4ge auf dieser Website k\u00f6nnen eingebettete Inhalte beinhalten (z.&nbsp;B. Videos, Bilder, Beitr\u00e4ge etc.). Eingebettete Inhalte von anderen Websites verhalten sich exakt so, als ob der Besucher die andere Website besucht h\u00e4tte.<\/p>\n\n\n\n<h2>Welche Rechte du an deinen Daten hast<\/h2>\n\n\n\n<p>Wenn du ein Konto auf dieser Website besitzt oder Kommentare geschrieben hast, kannst du einen Export deiner personenbezogenen Daten bei uns anfordern, inklusive aller Daten, die du uns mitgeteilt hast. Dar\u00fcber hinaus kannst du die L\u00f6schung aller personenbezogenen Daten, die wir von dir gespeichert haben, anfordern. Dies umfasst nicht die Daten, die wir aufgrund administrativer, rechtlicher oder sicherheitsrelevanter Notwendigkeiten aufbewahren m\u00fcssen.<\/p>\n","protected":false},"excerpt":{"rendered":"<p>Impressum Haiti-Hilfe Falkenstein e. V. Auf der Zinnen 12&nbsp;79098 Freiburg Vereinsregisternummer des Amtsgerichts Freiburg i. Br.:&nbsp;VR 1773 VorsitzenderMichael BaumannHauptstra\u00dfe 26 55621 Hundsbach Tel.: 0173\/2580189E-Mail: HaitiHilfeFalkenstein@gmail.com Stellv. VorsitzenderJannik J\u00fcrgens &amp; Manuel Schluck SchatzmeisterEmanuel Jaworek Wer wir sind Die Adresse unserer Website ist: http:\/\/www.haimb.de\/falkenstein\/haiti-hilfe. Welche personenbezogenen Daten wir sammeln und warum wir sie sammeln Eingebettete Inhalte von &hellip; <\/p>\n<p class=\"link-more\"><a href=\"https:\/\/www.haimb.de\/falkenstein\/haiti-hilfe\/index.php\/datenschutzerklaerung\/\" class=\"more-link\"><span class=\"screen-reader-text\">\u201eImpressum \/ Datenschutzerkl\u00e4rung\u201c<\/span> weiterlesen<\/a><\/p>\n","protected":false},"author":1,"featured_media":0,"parent":0,"menu_order":0,"comment_status":"closed","ping_status":"open","template":"","meta":[],"_links":{"self":[{"href":"https:\/\/www.haimb.de\/falkenstein\/haiti-hilfe\/index.php\/wp-json\/wp\/v2\/pages\/3"}],"collection":[{"href":"https:\/\/www.haimb.de\/falkenstein\/haiti-hilfe\/index.php\/wp-json\/wp\/v2\/pages"}],"about":[{"href":"https:\/\/www.haimb.de\/falkenstein\/haiti-hilfe\/index.php\/wp-json\/wp\/v2\/types\/page"}],"author":[{"embeddable":true,"href":"https:\/\/www.haimb.de\/falkenstein\/haiti-hilfe\/index.php\/wp-json\/wp\/v2\/users\/1"}],"replies":[{"embeddable":true,"href":"https:\/\/www.haimb.de\/falkenstein\/haiti-hilfe\/index.php\/wp-json\/wp\/v2\/comments?post=3"}],"version-history":[{"count":9,"href":"https:\/\/www.haimb.de\/falkenstein\/haiti-hilfe\/index.php\/wp-json\/wp\/v2\/pages\/3\/revisions"}],"predecessor-version":[{"id":349,"href":"https:\/\/www.haimb.de\/falkenstein\/haiti-hilfe\/index.php\/wp-json\/wp\/v2\/pages\/3\/revisions\/349"}],"wp:attachment":[{"href":"https:\/\/www.haimb.de\/falkenstein\/haiti-hilfe\/index.php\/wp-json\/wp\/v2\/media?parent=3"}],"curies":[{"name":"wp","href":"https:\/\/api.w.org\/{rel}","templated":true}]}}